{"id":2656,"date":"2022-09-07T10:07:03","date_gmt":"2022-09-07T08:07:03","guid":{"rendered":"https:\/\/freewaysmalta.com\/index.php\/a-propos-de-nous\/"},"modified":"2024-02-11T13:30:18","modified_gmt":"2024-02-11T12:30:18","slug":"a-propos-de-nous","status":"publish","type":"page","link":"https:\/\/freewaysmalta.com\/fr\/index.php\/a-propos-de-nous\/","title":{"rendered":"A propos de nous"},"content":{"rendered":"<style>.elementor-2656 .elementor-element.elementor-element-5f8fb0aa:not(.elementor-motion-effects-element-type-background), .elementor-2656 .elementor-element.elementor-element-5f8fb0aa > .elementor-motion-effects-container > .elementor-motion-effects-layer{background-image:url(\"https:\/\/freewaysmalta.com\/wp-content\/uploads\/2022\/09\/car-sales-and-loan-industry.jpg\");background-position:top center;background-repeat:no-repeat;background-size:cover;}.elementor-2656 .elementor-element.elementor-element-5f8fb0aa > .elementor-background-overlay{background-color:#1A1A1A;opacity:0.6;transition:background 0.3s, border-radius 0.3s, opacity 0.3s;}.elementor-2656 .elementor-element.elementor-element-5f8fb0aa > .elementor-container{max-width:1290px;}.elementor-2656 .elementor-element.elementor-element-5f8fb0aa{transition:background 0.3s, border 0.3s, border-radius 0.3s, box-shadow 0.3s;margin-top:-165px;margin-bottom:0px;padding:9% 0% 6% 0%;}.elementor-2656 .elementor-element.elementor-element-5f8fb0aa > .elementor-shape-bottom .elementor-shape-fill{fill:#FFFFFF;}.elementor-2656 .elementor-element.elementor-element-5f8fb0aa > .elementor-shape-bottom svg{width:calc(100% + 1.3px);height:60px;}.elementor-bc-flex-widget .elementor-2656 .elementor-element.elementor-element-73425fd6.elementor-column .elementor-widget-wrap{align-items:center;}.elementor-2656 .elementor-element.elementor-element-73425fd6.elementor-column.elementor-element[data-element_type=\"column\"] > .elementor-widget-wrap.elementor-element-populated{align-content:center;align-items:center;}.elementor-2656 .elementor-element.elementor-element-73425fd6.elementor-column > .elementor-widget-wrap{justify-content:center;}.elementor-2656 .elementor-element.elementor-element-3b1ed475 > .elementor-widget-container{padding:40px 0px 0px 0px;}.elementor-2656 .elementor-element.elementor-element-3b1ed475{text-align:center;}.elementor-2656 .elementor-element.elementor-element-3b1ed475 .elementor-heading-title{font-family:var( --e-global-typography-9c4de25-font-family ), Sans-serif;font-size:var( --e-global-typography-9c4de25-font-size );font-weight:var( --e-global-typography-9c4de25-font-weight );line-height:var( --e-global-typography-9c4de25-line-height );color:#FFFFFF;}.elementor-2656 .elementor-element.elementor-element-69484882 > .elementor-container{max-width:1290px;}.elementor-2656 .elementor-element.elementor-element-69484882{padding:90px 0px 170px 0px;}.elementor-2656 .elementor-element.elementor-element-dc64e8c{margin-top:0px;margin-bottom:0px;}.elementor-2656 .elementor-element.elementor-element-5645c3d:not(.elementor-motion-effects-element-type-background) > .elementor-widget-wrap, .elementor-2656 .elementor-element.elementor-element-5645c3d > .elementor-widget-wrap > .elementor-motion-effects-container > .elementor-motion-effects-layer{background-color:#FFFFFF;}.elementor-2656 .elementor-element.elementor-element-5645c3d > .elementor-element-populated{box-shadow:0px 5px 30px 0px rgba(0, 0, 0, 0.1);transition:background 0.3s, border 0.3s, border-radius 0.3s, box-shadow 0.3s;margin:40px 0px 0px 0px;--e-column-margin-right:0px;--e-column-margin-left:0px;padding:60px 60px 60px 60px;}.elementor-2656 .elementor-element.elementor-element-5645c3d > .elementor-element-populated > .elementor-background-overlay{transition:background 0.3s, border-radius 0.3s, opacity 0.3s;}.elementor-2656 .elementor-element.elementor-element-5645c3d{z-index:1;}.elementor-2656 .elementor-element.elementor-element-222e8e94{width:auto;max-width:auto;}.elementor-2656 .elementor-element.elementor-element-222e8e94 .elementor-heading-title{font-family:\"Arimo\", Sans-serif;font-size:14px;font-weight:600;text-transform:uppercase;line-height:1em;letter-spacing:1.5px;color:#F4293B;}.elementor-2656 .elementor-element.elementor-element-1e20b3ad > .elementor-widget-container{margin:15px 0px 0px 0px;}.elementor-2656 .elementor-element.elementor-element-1e20b3ad{text-align:left;}.elementor-2656 .elementor-element.elementor-element-1e20b3ad .elementor-heading-title{font-family:var( --e-global-typography-secondary-font-family ), Sans-serif;font-size:var( --e-global-typography-secondary-font-size );font-weight:var( --e-global-typography-secondary-font-weight );line-height:var( --e-global-typography-secondary-line-height );color:#1A1A1A;}.elementor-2656 .elementor-element.elementor-element-31dc69c3 > .elementor-widget-container{margin:0px 0px 0px 0px;}.elementor-2656 .elementor-element.elementor-element-31dc69c3{font-family:var( --e-global-typography-text-font-family ), Sans-serif;font-size:var( --e-global-typography-text-font-size );font-weight:var( --e-global-typography-text-font-weight );color:#999999;}.elementor-2656 .elementor-element.elementor-element-f861d54{width:var( --container-widget-width, 40% );max-width:40%;--container-widget-width:40%;--container-widget-flex-grow:0;}.elementor-2656 .elementor-element.elementor-element-03d6f56 .elementor-button{background-color:#02010100;fill:#000000;color:#000000;border-style:none;}.elementor-2656 .elementor-element.elementor-element-03d6f56{width:var( --container-widget-width, 40% );max-width:40%;--container-widget-width:40%;--container-widget-flex-grow:0;}.elementor-2656 .elementor-element.elementor-element-03d6f56 .elementor-button-content-wrapper{flex-direction:row-reverse;}.elementor-2656 .elementor-element.elementor-element-3835c9e7 > .elementor-element-populated{margin:0px 0px 0px -60px;--e-column-margin-right:0px;--e-column-margin-left:-60px;}.elementor-2656 .elementor-element.elementor-element-3835c9e7{z-index:0;}.elementor-2656 .elementor-element.elementor-element-2467c66a{width:var( --container-widget-width, 100% );max-width:100%;--container-widget-width:100%;--container-widget-flex-grow:0;text-align:left;}.elementor-2656 .elementor-element.elementor-element-2467c66a > .elementor-widget-container{margin:150px 0px 0px 0px;}.elementor-2656 .elementor-element.elementor-element-2467c66a img{width:100%;max-width:100%;}@media(min-width:768px){.elementor-2656 .elementor-element.elementor-element-43ee8efa{width:45.282%;}.elementor-2656 .elementor-element.elementor-element-3835c9e7{width:54.718%;}}@media(max-width:1024px){.elementor-2656 .elementor-element.elementor-element-5f8fb0aa:not(.elementor-motion-effects-element-type-background), .elementor-2656 .elementor-element.elementor-element-5f8fb0aa > .elementor-motion-effects-container > .elementor-motion-effects-layer{background-position:0px -25px;}.elementor-2656 .elementor-element.elementor-element-5f8fb0aa{margin-top:-170px;margin-bottom:0px;padding:30% 0% 17% 0%;}.elementor-2656 .elementor-element.elementor-element-73425fd6 > .elementor-element-populated{margin:0px 10px 0px 10px;--e-column-margin-right:10px;--e-column-margin-left:10px;}.elementor-2656 .elementor-element.elementor-element-3b1ed475 .elementor-heading-title{font-size:var( --e-global-typography-9c4de25-font-size );line-height:var( --e-global-typography-9c4de25-line-height );}.elementor-2656 .elementor-element.elementor-element-69484882{padding:50px 0px 150px 0px;}.elementor-2656 .elementor-element.elementor-element-43ee8efa > .elementor-element-populated{margin:0px 10px 20px 10px;--e-column-margin-right:10px;--e-column-margin-left:10px;}.elementor-2656 .elementor-element.elementor-element-5645c3d > .elementor-element-populated{margin:0px 0px 0px 0px;--e-column-margin-right:0px;--e-column-margin-left:0px;padding:40px 40px 40px 40px;}.elementor-2656 .elementor-element.elementor-element-222e8e94 .elementor-heading-title{font-size:14px;}.elementor-2656 .elementor-element.elementor-element-1e20b3ad .elementor-heading-title{font-size:var( --e-global-typography-secondary-font-size );line-height:var( --e-global-typography-secondary-line-height );}.elementor-2656 .elementor-element.elementor-element-31dc69c3{font-size:var( --e-global-typography-text-font-size );}.elementor-2656 .elementor-element.elementor-element-3835c9e7.elementor-column > .elementor-widget-wrap{justify-content:center;}.elementor-2656 .elementor-element.elementor-element-3835c9e7 > .elementor-element-populated{margin:0px 10px 0px 10px;--e-column-margin-right:10px;--e-column-margin-left:10px;}.elementor-2656 .elementor-element.elementor-element-2467c66a > .elementor-widget-container{margin:0px 0px 0px 0px;}}@media(max-width:767px){.elementor-2656 .elementor-element.elementor-element-5f8fb0aa:not(.elementor-motion-effects-element-type-background), .elementor-2656 .elementor-element.elementor-element-5f8fb0aa > .elementor-motion-effects-container > .elementor-motion-effects-layer{background-position:-100px 0px;}.elementor-2656 .elementor-element.elementor-element-5f8fb0aa{padding:65% 0% 30% 0%;}.elementor-2656 .elementor-element.elementor-element-73425fd6 > .elementor-element-populated{margin:0px 5px 0px 5px;--e-column-margin-right:5px;--e-column-margin-left:5px;}.elementor-2656 .elementor-element.elementor-element-3b1ed475 .elementor-heading-title{font-size:var( --e-global-typography-9c4de25-font-size );line-height:var( --e-global-typography-9c4de25-line-height );}.elementor-2656 .elementor-element.elementor-element-69484882{padding:40px 0px 200px 0px;}.elementor-2656 .elementor-element.elementor-element-43ee8efa > .elementor-element-populated{margin:0px 5px 0px 5px;--e-column-margin-right:5px;--e-column-margin-left:5px;}.elementor-2656 .elementor-element.elementor-element-dc64e8c{padding:0px 0px 0px 0px;}.elementor-2656 .elementor-element.elementor-element-5645c3d > .elementor-element-populated{margin:0px 0px 0px 0px;--e-column-margin-right:0px;--e-column-margin-left:0px;padding:40px 20px 40px 20px;}.elementor-2656 .elementor-element.elementor-element-222e8e94 .elementor-heading-title{font-size:13px;}.elementor-2656 .elementor-element.elementor-element-1e20b3ad .elementor-heading-title{font-size:var( --e-global-typography-secondary-font-size );line-height:var( --e-global-typography-secondary-line-height );}.elementor-2656 .elementor-element.elementor-element-31dc69c3{font-size:var( --e-global-typography-text-font-size );}}@media(max-width:1024px) and (min-width:768px){.elementor-2656 .elementor-element.elementor-element-73425fd6{width:100%;}.elementor-2656 .elementor-element.elementor-element-43ee8efa{width:100%;}.elementor-2656 .elementor-element.elementor-element-3835c9e7{width:100%;}}<\/style>\t\t<div data-elementor-type=\"wp-page\" data-elementor-id=\"2656\" class=\"elementor elementor-2656 elementor-233\" data-elementor-post-type=\"page\">\n\t\t\t\t\t\t<section class=\"elementor-section elementor-top-section elementor-element elementor-element-5f8fb0aa elementor-section-boxed elementor-section-height-default elementor-section-height-default\" data-id=\"5f8fb0aa\" data-element_type=\"section\" data-settings=\"{&quot;background_background&quot;:&quot;classic&quot;,&quot;shape_divider_bottom&quot;:&quot;triangle&quot;,&quot;shape_divider_bottom_negative&quot;:&quot;yes&quot;}\">\n\t\t\t\t\t\t\t<div class=\"elementor-background-overlay\"><\/div>\n\t\t\t\t\t\t<div class=\"elementor-shape elementor-shape-bottom\" aria-hidden=\"true\" data-negative=\"true\">\n\t\t\t<svg xmlns=\"http:\/\/www.w3.org\/2000\/svg\" viewBox=\"0 0 1000 100\" preserveAspectRatio=\"none\">\n\t<path class=\"elementor-shape-fill\" d=\"M500.2,94.7L0,0v100h1000V0L500.2,94.7z\"\/>\n<\/svg>\t\t<\/div>\n\t\t\t\t\t<div class=\"elementor-container elementor-column-gap-default\">\n\t\t\t\t\t<div class=\"elementor-column elementor-col-100 elementor-top-column elementor-element elementor-element-73425fd6\" data-id=\"73425fd6\" data-element_type=\"column\">\n\t\t\t<div class=\"elementor-widget-wrap elementor-element-populated\">\n\t\t\t\t\t\t<div class=\"elementor-element elementor-element-3b1ed475 elementor-widget elementor-widget-heading\" data-id=\"3b1ed475\" data-element_type=\"widget\" data-widget_type=\"heading.default\">\n\t\t\t\t<div class=\"elementor-widget-container\">\n\t\t\t\t\t<h1 class=\"elementor-heading-title elementor-size-default\">D\u00e9couvrez notre histoire :  <br>A propos de nos services de location de voitures \u00e0 Malte<\/h1>\t\t\t\t<\/div>\n\t\t\t\t<\/div>\n\t\t\t\t\t<\/div>\n\t\t<\/div>\n\t\t\t\t\t<\/div>\n\t\t<\/section>\n\t\t\t\t<section class=\"elementor-section elementor-top-section elementor-element elementor-element-69484882 elementor-section-boxed elementor-section-height-default elementor-section-height-default\" data-id=\"69484882\" data-element_type=\"section\">\n\t\t\t\t\t\t<div class=\"elementor-container elementor-column-gap-default\">\n\t\t\t\t\t<div class=\"elementor-column elementor-col-50 elementor-top-column elementor-element elementor-element-43ee8efa\" data-id=\"43ee8efa\" data-element_type=\"column\">\n\t\t\t<div class=\"elementor-widget-wrap elementor-element-populated\">\n\t\t\t\t\t\t<section class=\"elementor-section elementor-inner-section elementor-element elementor-element-dc64e8c elementor-section-boxed elementor-section-height-default elementor-section-height-default\" data-id=\"dc64e8c\" data-element_type=\"section\">\n\t\t\t\t\t\t<div class=\"elementor-container elementor-column-gap-default\">\n\t\t\t\t\t<div class=\"elementor-column elementor-col-100 elementor-inner-column elementor-element elementor-element-5645c3d\" data-id=\"5645c3d\" data-element_type=\"column\" data-settings=\"{&quot;background_background&quot;:&quot;classic&quot;}\">\n\t\t\t<div class=\"elementor-widget-wrap elementor-element-populated\">\n\t\t\t\t\t\t<div class=\"elementor-element elementor-element-222e8e94 elementor-widget__width-auto elementor-widget elementor-widget-heading\" data-id=\"222e8e94\" data-element_type=\"widget\" data-widget_type=\"heading.default\">\n\t\t\t\t<div class=\"elementor-widget-container\">\n\t\t\t\t\t<h5 class=\"elementor-heading-title elementor-size-default\">Entreprise familiale<\/h5>\t\t\t\t<\/div>\n\t\t\t\t<\/div>\n\t\t\t\t<div class=\"elementor-element elementor-element-1e20b3ad elementor-widget elementor-widget-heading\" data-id=\"1e20b3ad\" data-element_type=\"widget\" data-widget_type=\"heading.default\">\n\t\t\t\t<div class=\"elementor-widget-container\">\n\t\t\t\t\t<h2 class=\"elementor-heading-title elementor-size-default\">D\u00e9couvrez notre soci\u00e9t\u00e9 de location de voitures et nos valeurs<\/h2>\t\t\t\t<\/div>\n\t\t\t\t<\/div>\n\t\t\t\t<div class=\"elementor-element elementor-element-31dc69c3 elementor-widget elementor-widget-text-editor\" data-id=\"31dc69c3\" data-element_type=\"widget\" data-widget_type=\"text-editor.default\">\n\t\t\t\t<div class=\"elementor-widget-container\">\n\t\t\t\t\t\t\t\t\t<section id=\"section-id-1536751823551\" class=\"sppb-section \">\n<div class=\"sppb-row-container\">\n<div class=\"sppb-row\">\n<div id=\"column-wrap-id-1536751823550\" class=\"sppb-col-md-12\">\n<div id=\"column-id-1536751823550\" class=\"sppb-column\">\n<div class=\"sppb-column-addons\">\n<div id=\"sppb-addon-1536751823554\" class=\"clearfix\">\n<div class=\"sppb-addon sppb-addon-text-block 0 \">\n<div class=\"sppb-addon-content\">Fond\u00e9e en 1973, Freeways Auto Rental est une entreprise familiale de location de voitures bas\u00e9e \u00e0 Malte. Depuis, elle s&#8217;est fait une r\u00e9putation irr\u00e9prochable. Nous nous effor\u00e7ons d&#8217;offrir un service de location de voitures de qualit\u00e9 sup\u00e9rieure \u00e0 Malte \u00e0 des prix abordables tout en maintenant un niveau de qualit\u00e9 qui nous permet d&#8217;\u00eatre \u00e0 la hauteur de notre r\u00e9putation en tant que meilleur service de location de voitures \u00e0 Malte pour les clients locaux et \u00e9trangers. Nous sommes fiers de tous les aspects de notre travail et nous nous effor\u00e7ons d&#8217;offrir \u00e0 nos clients les meilleurs services, qu&#8217;il s&#8217;agisse de notre vaste flotte de voitures pour r\u00e9pondre \u00e0 tous les besoins ou de nos relations amicales et efficaces avec nos clients, qui vont au-del\u00e0 de ce qu&#8217;offrent d&#8217;autres entreprises. Nous nous effor\u00e7ons de rendre nos locations de voitures \u00e0 Malte aussi faciles et agr\u00e9ables pour nos clients, comme nous l&#8217;avons fait \u00e0 de nombreuses reprises au fil des ans et comme nous continuerons \u00e0 le faire \u00e0 l&#8217;avenir. Si vous avez besoin d&#8217;un service sans tracas qui va au-del\u00e0 de ce que d&#8217;autres entreprises offrent, r\u00e9servez votre voiture avec nous d\u00e8s aujourd&#8217;hui. Nous proposons \u00e9galement des transferts a\u00e9roportuaires et un service de chauffeur<\/div>\n<\/div>\n<\/div>\n<\/div>\n<\/div>\n<\/div>\n<\/div>\n<\/div>\n<\/section>\n\t\t\t\t\t\t\t\t<\/div>\n\t\t\t\t<\/div>\n\t\t\t\t<div class=\"elementor-element elementor-element-f861d54 elementor-widget__width-initial elementor-widget elementor-widget-button\" data-id=\"f861d54\" data-element_type=\"widget\" data-widget_type=\"button.default\">\n\t\t\t\t<div class=\"elementor-widget-container\">\n\t\t\t\t\t\t\t\t\t<div class=\"elementor-button-wrapper\">\n\t\t\t\t\t<a class=\"elementor-button elementor-button-link elementor-size-sm\" href=\"https:\/\/freewaysmalta.com\/#rent\">\n\t\t\t\t\t\t<span class=\"elementor-button-content-wrapper\">\n\t\t\t\t\t\t\t\t\t<span class=\"elementor-button-text\">Louer maintenant<\/span>\n\t\t\t\t\t<\/span>\n\t\t\t\t\t<\/a>\n\t\t\t\t<\/div>\n\t\t\t\t\t\t\t\t<\/div>\n\t\t\t\t<\/div>\n\t\t\t\t<div class=\"elementor-element elementor-element-03d6f56 elementor-widget__width-initial elementor-align-center elementor-widget elementor-widget-button\" data-id=\"03d6f56\" data-element_type=\"widget\" data-widget_type=\"button.default\">\n\t\t\t\t<div class=\"elementor-widget-container\">\n\t\t\t\t\t\t\t\t\t<div class=\"elementor-button-wrapper\">\n\t\t\t\t\t<a class=\"elementor-button elementor-button-link elementor-size-sm\" href=\"https:\/\/freewaysmalta.com\/fr\/index.php\/contactez-nous\/\">\n\t\t\t\t\t\t<span class=\"elementor-button-content-wrapper\">\n\t\t\t\t\t\t<span class=\"elementor-button-icon\">\n\t\t\t\t<svg aria-hidden=\"true\" class=\"e-font-icon-svg e-fas-long-arrow-alt-right\" viewBox=\"0 0 448 512\" xmlns=\"http:\/\/www.w3.org\/2000\/svg\"><path d=\"M313.941 216H12c-6.627 0-12 5.373-12 12v56c0 6.627 5.373 12 12 12h301.941v46.059c0 21.382 25.851 32.09 40.971 16.971l86.059-86.059c9.373-9.373 9.373-24.569 0-33.941l-86.059-86.059c-15.119-15.119-40.971-4.411-40.971 16.971V216z\"><\/path><\/svg>\t\t\t<\/span>\n\t\t\t\t\t\t\t\t\t<span class=\"elementor-button-text\">Contactez nous<\/span>\n\t\t\t\t\t<\/span>\n\t\t\t\t\t<\/a>\n\t\t\t\t<\/div>\n\t\t\t\t\t\t\t\t<\/div>\n\t\t\t\t<\/div>\n\t\t\t\t\t<\/div>\n\t\t<\/div>\n\t\t\t\t\t<\/div>\n\t\t<\/section>\n\t\t\t\t\t<\/div>\n\t\t<\/div>\n\t\t\t\t<div class=\"elementor-column elementor-col-50 elementor-top-column elementor-element elementor-element-3835c9e7 elementor-hidden-tablet elementor-hidden-phone\" data-id=\"3835c9e7\" data-element_type=\"column\">\n\t\t\t<div class=\"elementor-widget-wrap elementor-element-populated\">\n\t\t\t\t\t\t<div class=\"elementor-element elementor-element-2467c66a elementor-widget__width-initial elementor-widget elementor-widget-image\" data-id=\"2467c66a\" data-element_type=\"widget\" data-widget_type=\"image.default\">\n\t\t\t\t<div class=\"elementor-widget-container\">\n\t\t\t\t\t\t\t\t\t\t\t\t\t\t\t<img fetchpriority=\"high\" decoding=\"async\" width=\"1633\" height=\"921\" src=\"https:\/\/freewaysmalta.com\/wp-content\/uploads\/2022\/09\/freeways-mercedes-e1664376053686.jpeg\" class=\"attachment-full size-full wp-image-2287\" alt=\"\" srcset=\"https:\/\/freewaysmalta.com\/wp-content\/uploads\/2022\/09\/freeways-mercedes-e1664376053686.jpeg 1633w, https:\/\/freewaysmalta.com\/wp-content\/uploads\/2022\/09\/freeways-mercedes-e1664376053686-300x169.jpeg 300w, https:\/\/freewaysmalta.com\/wp-content\/uploads\/2022\/09\/freeways-mercedes-e1664376053686-1024x578.jpeg 1024w, https:\/\/freewaysmalta.com\/wp-content\/uploads\/2022\/09\/freeways-mercedes-e1664376053686-768x433.jpeg 768w, https:\/\/freewaysmalta.com\/wp-content\/uploads\/2022\/09\/freeways-mercedes-e1664376053686-1536x866.jpeg 1536w\" sizes=\"(max-width: 1633px) 100vw, 1633px\" \/>\t\t\t\t\t\t\t\t\t\t\t\t\t\t\t<\/div>\n\t\t\t\t<\/div>\n\t\t\t\t\t<\/div>\n\t\t<\/div>\n\t\t\t\t\t<\/div>\n\t\t<\/section>\n\t\t\t\t<\/div>\n\t\t","protected":false},"excerpt":{"rendered":"<p>D\u00e9couvrez notre histoire : A propos de nos services de location de voitures \u00e0 Malte Entreprise familiale D\u00e9couvrez notre soci\u00e9t\u00e9 de location de voitures et nos valeurs Fond\u00e9e en 1973, Freeways Auto Rental est une entreprise familiale de location de voitures bas\u00e9e \u00e0 Malte. Depuis, elle s&#8217;est fait une r\u00e9putation irr\u00e9prochable. Nous nous effor\u00e7ons d&#8217;offrir [&hellip;]<\/p>\n","protected":false},"author":3,"featured_media":0,"parent":0,"menu_order":0,"comment_status":"closed","ping_status":"closed","template":"elementor_header_footer","meta":{"footnotes":""},"class_list":["post-2656","page","type-page","status-publish","hentry"],"_links":{"self":[{"href":"https:\/\/freewaysmalta.com\/fr\/index.php\/wp-json\/wp\/v2\/pages\/2656","targetHints":{"allow":["GET"]}}],"collection":[{"href":"https:\/\/freewaysmalta.com\/fr\/index.php\/wp-json\/wp\/v2\/pages"}],"about":[{"href":"https:\/\/freewaysmalta.com\/fr\/index.php\/wp-json\/wp\/v2\/types\/page"}],"author":[{"embeddable":true,"href":"https:\/\/freewaysmalta.com\/fr\/index.php\/wp-json\/wp\/v2\/users\/3"}],"replies":[{"embeddable":true,"href":"https:\/\/freewaysmalta.com\/fr\/index.php\/wp-json\/wp\/v2\/comments?post=2656"}],"version-history":[{"count":3,"href":"https:\/\/freewaysmalta.com\/fr\/index.php\/wp-json\/wp\/v2\/pages\/2656\/revisions"}],"predecessor-version":[{"id":3241,"href":"https:\/\/freewaysmalta.com\/fr\/index.php\/wp-json\/wp\/v2\/pages\/2656\/revisions\/3241"}],"wp:attachment":[{"href":"https:\/\/freewaysmalta.com\/fr\/index.php\/wp-json\/wp\/v2\/media?parent=2656"}],"curies":[{"name":"wp","href":"https:\/\/api.w.org\/{rel}","templated":true}]}}