{"id":2672,"date":"2022-09-07T10:07:03","date_gmt":"2022-09-07T08:07:03","guid":{"rendered":"https:\/\/freewaysmalta.com\/index.php\/chi-siamo\/"},"modified":"2024-02-11T13:30:18","modified_gmt":"2024-02-11T12:30:18","slug":"chi-siamo","status":"publish","type":"page","link":"https:\/\/freewaysmalta.com\/it\/index.php\/chi-siamo\/","title":{"rendered":"Chi siamo"},"content":{"rendered":"<style>.elementor-2672 .elementor-element.elementor-element-5f8fb0aa:not(.elementor-motion-effects-element-type-background), .elementor-2672 .elementor-element.elementor-element-5f8fb0aa > .elementor-motion-effects-container > .elementor-motion-effects-layer{background-image:url(\"https:\/\/freewaysmalta.com\/wp-content\/uploads\/2022\/09\/car-sales-and-loan-industry.jpg\");background-position:top center;background-repeat:no-repeat;background-size:cover;}.elementor-2672 .elementor-element.elementor-element-5f8fb0aa > .elementor-background-overlay{background-color:#1A1A1A;opacity:0.6;transition:background 0.3s, border-radius 0.3s, opacity 0.3s;}.elementor-2672 .elementor-element.elementor-element-5f8fb0aa > .elementor-container{max-width:1290px;}.elementor-2672 .elementor-element.elementor-element-5f8fb0aa{transition:background 0.3s, border 0.3s, border-radius 0.3s, box-shadow 0.3s;margin-top:-165px;margin-bottom:0px;padding:9% 0% 6% 0%;}.elementor-2672 .elementor-element.elementor-element-5f8fb0aa > .elementor-shape-bottom .elementor-shape-fill{fill:#FFFFFF;}.elementor-2672 .elementor-element.elementor-element-5f8fb0aa > .elementor-shape-bottom svg{width:calc(100% + 1.3px);height:60px;}.elementor-bc-flex-widget .elementor-2672 .elementor-element.elementor-element-73425fd6.elementor-column .elementor-widget-wrap{align-items:center;}.elementor-2672 .elementor-element.elementor-element-73425fd6.elementor-column.elementor-element[data-element_type=\"column\"] > .elementor-widget-wrap.elementor-element-populated{align-content:center;align-items:center;}.elementor-2672 .elementor-element.elementor-element-73425fd6.elementor-column > .elementor-widget-wrap{justify-content:center;}.elementor-2672 .elementor-element.elementor-element-3b1ed475 > .elementor-widget-container{padding:40px 0px 0px 0px;}.elementor-2672 .elementor-element.elementor-element-3b1ed475{text-align:center;}.elementor-2672 .elementor-element.elementor-element-3b1ed475 .elementor-heading-title{font-family:var( --e-global-typography-9c4de25-font-family ), Sans-serif;font-size:var( --e-global-typography-9c4de25-font-size );font-weight:var( --e-global-typography-9c4de25-font-weight );line-height:var( --e-global-typography-9c4de25-line-height );color:#FFFFFF;}.elementor-2672 .elementor-element.elementor-element-69484882 > .elementor-container{max-width:1290px;}.elementor-2672 .elementor-element.elementor-element-69484882{padding:90px 0px 170px 0px;}.elementor-2672 .elementor-element.elementor-element-dc64e8c{margin-top:0px;margin-bottom:0px;}.elementor-2672 .elementor-element.elementor-element-5645c3d:not(.elementor-motion-effects-element-type-background) > .elementor-widget-wrap, .elementor-2672 .elementor-element.elementor-element-5645c3d > .elementor-widget-wrap > .elementor-motion-effects-container > .elementor-motion-effects-layer{background-color:#FFFFFF;}.elementor-2672 .elementor-element.elementor-element-5645c3d > .elementor-element-populated{box-shadow:0px 5px 30px 0px rgba(0, 0, 0, 0.1);transition:background 0.3s, border 0.3s, border-radius 0.3s, box-shadow 0.3s;margin:40px 0px 0px 0px;--e-column-margin-right:0px;--e-column-margin-left:0px;padding:60px 60px 60px 60px;}.elementor-2672 .elementor-element.elementor-element-5645c3d > .elementor-element-populated > .elementor-background-overlay{transition:background 0.3s, border-radius 0.3s, opacity 0.3s;}.elementor-2672 .elementor-element.elementor-element-5645c3d{z-index:1;}.elementor-2672 .elementor-element.elementor-element-222e8e94{width:auto;max-width:auto;}.elementor-2672 .elementor-element.elementor-element-222e8e94 .elementor-heading-title{font-family:\"Arimo\", Sans-serif;font-size:14px;font-weight:600;text-transform:uppercase;line-height:1em;letter-spacing:1.5px;color:#F4293B;}.elementor-2672 .elementor-element.elementor-element-1e20b3ad > .elementor-widget-container{margin:15px 0px 0px 0px;}.elementor-2672 .elementor-element.elementor-element-1e20b3ad{text-align:left;}.elementor-2672 .elementor-element.elementor-element-1e20b3ad .elementor-heading-title{font-family:var( --e-global-typography-secondary-font-family ), Sans-serif;font-size:var( --e-global-typography-secondary-font-size );font-weight:var( --e-global-typography-secondary-font-weight );line-height:var( --e-global-typography-secondary-line-height );color:#1A1A1A;}.elementor-2672 .elementor-element.elementor-element-31dc69c3 > .elementor-widget-container{margin:0px 0px 0px 0px;}.elementor-2672 .elementor-element.elementor-element-31dc69c3{font-family:var( --e-global-typography-text-font-family ), Sans-serif;font-size:var( --e-global-typography-text-font-size );font-weight:var( --e-global-typography-text-font-weight );color:#999999;}.elementor-2672 .elementor-element.elementor-element-f861d54{width:var( --container-widget-width, 40% );max-width:40%;--container-widget-width:40%;--container-widget-flex-grow:0;}.elementor-2672 .elementor-element.elementor-element-03d6f56 .elementor-button{background-color:#02010100;fill:#000000;color:#000000;border-style:none;}.elementor-2672 .elementor-element.elementor-element-03d6f56{width:var( --container-widget-width, 40% );max-width:40%;--container-widget-width:40%;--container-widget-flex-grow:0;}.elementor-2672 .elementor-element.elementor-element-03d6f56 .elementor-button-content-wrapper{flex-direction:row-reverse;}.elementor-2672 .elementor-element.elementor-element-3835c9e7 > .elementor-element-populated{margin:0px 0px 0px -60px;--e-column-margin-right:0px;--e-column-margin-left:-60px;}.elementor-2672 .elementor-element.elementor-element-3835c9e7{z-index:0;}.elementor-2672 .elementor-element.elementor-element-2467c66a{width:var( --container-widget-width, 100% );max-width:100%;--container-widget-width:100%;--container-widget-flex-grow:0;text-align:left;}.elementor-2672 .elementor-element.elementor-element-2467c66a > .elementor-widget-container{margin:150px 0px 0px 0px;}.elementor-2672 .elementor-element.elementor-element-2467c66a img{width:100%;max-width:100%;}@media(min-width:768px){.elementor-2672 .elementor-element.elementor-element-43ee8efa{width:45.282%;}.elementor-2672 .elementor-element.elementor-element-3835c9e7{width:54.718%;}}@media(max-width:1024px){.elementor-2672 .elementor-element.elementor-element-5f8fb0aa:not(.elementor-motion-effects-element-type-background), .elementor-2672 .elementor-element.elementor-element-5f8fb0aa > .elementor-motion-effects-container > .elementor-motion-effects-layer{background-position:0px -25px;}.elementor-2672 .elementor-element.elementor-element-5f8fb0aa{margin-top:-170px;margin-bottom:0px;padding:30% 0% 17% 0%;}.elementor-2672 .elementor-element.elementor-element-73425fd6 > .elementor-element-populated{margin:0px 10px 0px 10px;--e-column-margin-right:10px;--e-column-margin-left:10px;}.elementor-2672 .elementor-element.elementor-element-3b1ed475 .elementor-heading-title{font-size:var( --e-global-typography-9c4de25-font-size );line-height:var( --e-global-typography-9c4de25-line-height );}.elementor-2672 .elementor-element.elementor-element-69484882{padding:50px 0px 150px 0px;}.elementor-2672 .elementor-element.elementor-element-43ee8efa > .elementor-element-populated{margin:0px 10px 20px 10px;--e-column-margin-right:10px;--e-column-margin-left:10px;}.elementor-2672 .elementor-element.elementor-element-5645c3d > .elementor-element-populated{margin:0px 0px 0px 0px;--e-column-margin-right:0px;--e-column-margin-left:0px;padding:40px 40px 40px 40px;}.elementor-2672 .elementor-element.elementor-element-222e8e94 .elementor-heading-title{font-size:14px;}.elementor-2672 .elementor-element.elementor-element-1e20b3ad .elementor-heading-title{font-size:var( --e-global-typography-secondary-font-size );line-height:var( --e-global-typography-secondary-line-height );}.elementor-2672 .elementor-element.elementor-element-31dc69c3{font-size:var( --e-global-typography-text-font-size );}.elementor-2672 .elementor-element.elementor-element-3835c9e7.elementor-column > .elementor-widget-wrap{justify-content:center;}.elementor-2672 .elementor-element.elementor-element-3835c9e7 > .elementor-element-populated{margin:0px 10px 0px 10px;--e-column-margin-right:10px;--e-column-margin-left:10px;}.elementor-2672 .elementor-element.elementor-element-2467c66a > .elementor-widget-container{margin:0px 0px 0px 0px;}}@media(max-width:767px){.elementor-2672 .elementor-element.elementor-element-5f8fb0aa:not(.elementor-motion-effects-element-type-background), .elementor-2672 .elementor-element.elementor-element-5f8fb0aa > .elementor-motion-effects-container > .elementor-motion-effects-layer{background-position:-100px 0px;}.elementor-2672 .elementor-element.elementor-element-5f8fb0aa{padding:65% 0% 30% 0%;}.elementor-2672 .elementor-element.elementor-element-73425fd6 > .elementor-element-populated{margin:0px 5px 0px 5px;--e-column-margin-right:5px;--e-column-margin-left:5px;}.elementor-2672 .elementor-element.elementor-element-3b1ed475 .elementor-heading-title{font-size:var( --e-global-typography-9c4de25-font-size );line-height:var( --e-global-typography-9c4de25-line-height );}.elementor-2672 .elementor-element.elementor-element-69484882{padding:40px 0px 200px 0px;}.elementor-2672 .elementor-element.elementor-element-43ee8efa > .elementor-element-populated{margin:0px 5px 0px 5px;--e-column-margin-right:5px;--e-column-margin-left:5px;}.elementor-2672 .elementor-element.elementor-element-dc64e8c{padding:0px 0px 0px 0px;}.elementor-2672 .elementor-element.elementor-element-5645c3d > .elementor-element-populated{margin:0px 0px 0px 0px;--e-column-margin-right:0px;--e-column-margin-left:0px;padding:40px 20px 40px 20px;}.elementor-2672 .elementor-element.elementor-element-222e8e94 .elementor-heading-title{font-size:13px;}.elementor-2672 .elementor-element.elementor-element-1e20b3ad .elementor-heading-title{font-size:var( --e-global-typography-secondary-font-size );line-height:var( --e-global-typography-secondary-line-height );}.elementor-2672 .elementor-element.elementor-element-31dc69c3{font-size:var( --e-global-typography-text-font-size );}}@media(max-width:1024px) and (min-width:768px){.elementor-2672 .elementor-element.elementor-element-73425fd6{width:100%;}.elementor-2672 .elementor-element.elementor-element-43ee8efa{width:100%;}.elementor-2672 .elementor-element.elementor-element-3835c9e7{width:100%;}}<\/style>\t\t<div data-elementor-type=\"wp-page\" data-elementor-id=\"2672\" class=\"elementor elementor-2672 elementor-233\" data-elementor-post-type=\"page\">\n\t\t\t\t\t\t<section class=\"elementor-section elementor-top-section elementor-element elementor-element-5f8fb0aa elementor-section-boxed elementor-section-height-default elementor-section-height-default\" data-id=\"5f8fb0aa\" data-element_type=\"section\" data-settings=\"{&quot;background_background&quot;:&quot;classic&quot;,&quot;shape_divider_bottom&quot;:&quot;triangle&quot;,&quot;shape_divider_bottom_negative&quot;:&quot;yes&quot;}\">\n\t\t\t\t\t\t\t<div class=\"elementor-background-overlay\"><\/div>\n\t\t\t\t\t\t<div class=\"elementor-shape elementor-shape-bottom\" aria-hidden=\"true\" data-negative=\"true\">\n\t\t\t<svg xmlns=\"http:\/\/www.w3.org\/2000\/svg\" viewBox=\"0 0 1000 100\" preserveAspectRatio=\"none\">\n\t<path class=\"elementor-shape-fill\" d=\"M500.2,94.7L0,0v100h1000V0L500.2,94.7z\"\/>\n<\/svg>\t\t<\/div>\n\t\t\t\t\t<div class=\"elementor-container elementor-column-gap-default\">\n\t\t\t\t\t<div class=\"elementor-column elementor-col-100 elementor-top-column elementor-element elementor-element-73425fd6\" data-id=\"73425fd6\" data-element_type=\"column\">\n\t\t\t<div class=\"elementor-widget-wrap elementor-element-populated\">\n\t\t\t\t\t\t<div class=\"elementor-element elementor-element-3b1ed475 elementor-widget elementor-widget-heading\" data-id=\"3b1ed475\" data-element_type=\"widget\" data-widget_type=\"heading.default\">\n\t\t\t\t<div class=\"elementor-widget-container\">\n\t\t\t\t\t<h1 class=\"elementor-heading-title elementor-size-default\">Conoscere la nostra storia:  <br>Informazioni sui nostri servizi di noleggio auto a Malta<\/h1>\t\t\t\t<\/div>\n\t\t\t\t<\/div>\n\t\t\t\t\t<\/div>\n\t\t<\/div>\n\t\t\t\t\t<\/div>\n\t\t<\/section>\n\t\t\t\t<section class=\"elementor-section elementor-top-section elementor-element elementor-element-69484882 elementor-section-boxed elementor-section-height-default elementor-section-height-default\" data-id=\"69484882\" data-element_type=\"section\">\n\t\t\t\t\t\t<div class=\"elementor-container elementor-column-gap-default\">\n\t\t\t\t\t<div class=\"elementor-column elementor-col-50 elementor-top-column elementor-element elementor-element-43ee8efa\" data-id=\"43ee8efa\" data-element_type=\"column\">\n\t\t\t<div class=\"elementor-widget-wrap elementor-element-populated\">\n\t\t\t\t\t\t<section class=\"elementor-section elementor-inner-section elementor-element elementor-element-dc64e8c elementor-section-boxed elementor-section-height-default elementor-section-height-default\" data-id=\"dc64e8c\" data-element_type=\"section\">\n\t\t\t\t\t\t<div class=\"elementor-container elementor-column-gap-default\">\n\t\t\t\t\t<div class=\"elementor-column elementor-col-100 elementor-inner-column elementor-element elementor-element-5645c3d\" data-id=\"5645c3d\" data-element_type=\"column\" data-settings=\"{&quot;background_background&quot;:&quot;classic&quot;}\">\n\t\t\t<div class=\"elementor-widget-wrap elementor-element-populated\">\n\t\t\t\t\t\t<div class=\"elementor-element elementor-element-222e8e94 elementor-widget__width-auto elementor-widget elementor-widget-heading\" data-id=\"222e8e94\" data-element_type=\"widget\" data-widget_type=\"heading.default\">\n\t\t\t\t<div class=\"elementor-widget-container\">\n\t\t\t\t\t<h5 class=\"elementor-heading-title elementor-size-default\">Azienda a conduzione familiare<\/h5>\t\t\t\t<\/div>\n\t\t\t\t<\/div>\n\t\t\t\t<div class=\"elementor-element elementor-element-1e20b3ad elementor-widget elementor-widget-heading\" data-id=\"1e20b3ad\" data-element_type=\"widget\" data-widget_type=\"heading.default\">\n\t\t\t\t<div class=\"elementor-widget-container\">\n\t\t\t\t\t<h2 class=\"elementor-heading-title elementor-size-default\">Scoprite la nostra societ\u00e0 di autonoleggio e i nostri valori<\/h2>\t\t\t\t<\/div>\n\t\t\t\t<\/div>\n\t\t\t\t<div class=\"elementor-element elementor-element-31dc69c3 elementor-widget elementor-widget-text-editor\" data-id=\"31dc69c3\" data-element_type=\"widget\" data-widget_type=\"text-editor.default\">\n\t\t\t\t<div class=\"elementor-widget-container\">\n\t\t\t\t\t\t\t\t\t<section id=\"section-id-1536751823551\" class=\"sppb-section \">\n<div class=\"sppb-row-container\">\n<div class=\"sppb-row\">\n<div id=\"column-wrap-id-1536751823550\" class=\"sppb-col-md-12\">\n<div id=\"column-id-1536751823550\" class=\"sppb-column\">\n<div class=\"sppb-column-addons\">\n<div id=\"sppb-addon-1536751823554\" class=\"clearfix\">\n<div class=\"sppb-addon sppb-addon-text-block 0 \">\n<div class=\"sppb-addon-content\">Fondata nel 1973, come societ\u00e0 di autonoleggio a conduzione familiare con sede a Malta, Freeways Auto Rental si \u00e8 fatta un nome impeccabile da allora. Ci sforziamo di offrire un servizio di autonoleggio di qualit\u00e0 superiore a Malta a prezzi economici e convenienti, pur mantenendo uno standard di qualit\u00e0 che contribuisce alla nostra reputazione di servizio di autonoleggio migliore e affidabile a Malta per i clienti locali e stranieri. Siamo orgogliosi di tutti gli aspetti del nostro lavoro e ci sforziamo di dare ai nostri clienti solo il meglio dei servizi, a partire dalla nostra ampia flotta di autovetture per soddisfare tutte le esigenze, nonch\u00e9 i nostri rapporti amichevoli ed efficienti con i clienti, che vanno al di l\u00e0 di ci\u00f2 che offrono le altre societ\u00e0. Il nostro obiettivo \u00e8 quello di rendere il noleggio auto a Malta il pi\u00f9 semplice e piacevole possibile per i nostri clienti, come abbiamo fatto in numerose occasioni nel corso degli anni e continueremo a fare in futuro. Se avete bisogno di un servizio senza problemi che vada oltre quello offerto da altre aziende, prenotate oggi stesso la vostra auto con noi. Offriamo anche trasferimenti aeroportuali e un servizio di autista.<\/div>\n<\/div>\n<\/div>\n<\/div>\n<\/div>\n<\/div>\n<\/div>\n<\/div>\n<\/section>\n\t\t\t\t\t\t\t\t<\/div>\n\t\t\t\t<\/div>\n\t\t\t\t<div class=\"elementor-element elementor-element-f861d54 elementor-widget__width-initial elementor-widget elementor-widget-button\" data-id=\"f861d54\" data-element_type=\"widget\" data-widget_type=\"button.default\">\n\t\t\t\t<div class=\"elementor-widget-container\">\n\t\t\t\t\t\t\t\t\t<div class=\"elementor-button-wrapper\">\n\t\t\t\t\t<a class=\"elementor-button elementor-button-link elementor-size-sm\" href=\"https:\/\/freewaysmalta.com\/#rent\">\n\t\t\t\t\t\t<span class=\"elementor-button-content-wrapper\">\n\t\t\t\t\t\t\t\t\t<span class=\"elementor-button-text\">Noleggia ora<\/span>\n\t\t\t\t\t<\/span>\n\t\t\t\t\t<\/a>\n\t\t\t\t<\/div>\n\t\t\t\t\t\t\t\t<\/div>\n\t\t\t\t<\/div>\n\t\t\t\t<div class=\"elementor-element elementor-element-03d6f56 elementor-widget__width-initial elementor-align-center elementor-widget elementor-widget-button\" data-id=\"03d6f56\" data-element_type=\"widget\" data-widget_type=\"button.default\">\n\t\t\t\t<div class=\"elementor-widget-container\">\n\t\t\t\t\t\t\t\t\t<div class=\"elementor-button-wrapper\">\n\t\t\t\t\t<a class=\"elementor-button elementor-button-link elementor-size-sm\" href=\"https:\/\/freewaysmalta.com\/it\/index.php\/contattateci\/\">\n\t\t\t\t\t\t<span class=\"elementor-button-content-wrapper\">\n\t\t\t\t\t\t<span class=\"elementor-button-icon\">\n\t\t\t\t<svg aria-hidden=\"true\" class=\"e-font-icon-svg e-fas-long-arrow-alt-right\" viewBox=\"0 0 448 512\" xmlns=\"http:\/\/www.w3.org\/2000\/svg\"><path d=\"M313.941 216H12c-6.627 0-12 5.373-12 12v56c0 6.627 5.373 12 12 12h301.941v46.059c0 21.382 25.851 32.09 40.971 16.971l86.059-86.059c9.373-9.373 9.373-24.569 0-33.941l-86.059-86.059c-15.119-15.119-40.971-4.411-40.971 16.971V216z\"><\/path><\/svg>\t\t\t<\/span>\n\t\t\t\t\t\t\t\t\t<span class=\"elementor-button-text\">Contattateci<\/span>\n\t\t\t\t\t<\/span>\n\t\t\t\t\t<\/a>\n\t\t\t\t<\/div>\n\t\t\t\t\t\t\t\t<\/div>\n\t\t\t\t<\/div>\n\t\t\t\t\t<\/div>\n\t\t<\/div>\n\t\t\t\t\t<\/div>\n\t\t<\/section>\n\t\t\t\t\t<\/div>\n\t\t<\/div>\n\t\t\t\t<div class=\"elementor-column elementor-col-50 elementor-top-column elementor-element elementor-element-3835c9e7 elementor-hidden-tablet elementor-hidden-phone\" data-id=\"3835c9e7\" data-element_type=\"column\">\n\t\t\t<div class=\"elementor-widget-wrap elementor-element-populated\">\n\t\t\t\t\t\t<div class=\"elementor-element elementor-element-2467c66a elementor-widget__width-initial elementor-widget elementor-widget-image\" data-id=\"2467c66a\" data-element_type=\"widget\" data-widget_type=\"image.default\">\n\t\t\t\t<div class=\"elementor-widget-container\">\n\t\t\t\t\t\t\t\t\t\t\t\t\t\t\t<img fetchpriority=\"high\" decoding=\"async\" width=\"1633\" height=\"921\" src=\"https:\/\/freewaysmalta.com\/wp-content\/uploads\/2022\/09\/freeways-mercedes-e1664376053686.jpeg\" class=\"attachment-full size-full wp-image-2288\" alt=\"\" srcset=\"https:\/\/freewaysmalta.com\/wp-content\/uploads\/2022\/09\/freeways-mercedes-e1664376053686.jpeg 1633w, https:\/\/freewaysmalta.com\/wp-content\/uploads\/2022\/09\/freeways-mercedes-e1664376053686-300x169.jpeg 300w, https:\/\/freewaysmalta.com\/wp-content\/uploads\/2022\/09\/freeways-mercedes-e1664376053686-1024x578.jpeg 1024w, https:\/\/freewaysmalta.com\/wp-content\/uploads\/2022\/09\/freeways-mercedes-e1664376053686-768x433.jpeg 768w, https:\/\/freewaysmalta.com\/wp-content\/uploads\/2022\/09\/freeways-mercedes-e1664376053686-1536x866.jpeg 1536w\" sizes=\"(max-width: 1633px) 100vw, 1633px\" \/>\t\t\t\t\t\t\t\t\t\t\t\t\t\t\t<\/div>\n\t\t\t\t<\/div>\n\t\t\t\t\t<\/div>\n\t\t<\/div>\n\t\t\t\t\t<\/div>\n\t\t<\/section>\n\t\t\t\t<\/div>\n\t\t","protected":false},"excerpt":{"rendered":"<p>Conoscere la nostra storia: Informazioni sui nostri servizi di noleggio auto a Malta Azienda a conduzione familiare Scoprite la nostra societ\u00e0 di autonoleggio e i nostri valori Fondata nel 1973, come societ\u00e0 di autonoleggio a conduzione familiare con sede a Malta, Freeways Auto Rental si \u00e8 fatta un nome impeccabile da allora. Ci sforziamo di [&hellip;]<\/p>\n","protected":false},"author":3,"featured_media":0,"parent":0,"menu_order":0,"comment_status":"closed","ping_status":"closed","template":"elementor_header_footer","meta":{"footnotes":""},"class_list":["post-2672","page","type-page","status-publish","hentry"],"_links":{"self":[{"href":"https:\/\/freewaysmalta.com\/it\/index.php\/wp-json\/wp\/v2\/pages\/2672","targetHints":{"allow":["GET"]}}],"collection":[{"href":"https:\/\/freewaysmalta.com\/it\/index.php\/wp-json\/wp\/v2\/pages"}],"about":[{"href":"https:\/\/freewaysmalta.com\/it\/index.php\/wp-json\/wp\/v2\/types\/page"}],"author":[{"embeddable":true,"href":"https:\/\/freewaysmalta.com\/it\/index.php\/wp-json\/wp\/v2\/users\/3"}],"replies":[{"embeddable":true,"href":"https:\/\/freewaysmalta.com\/it\/index.php\/wp-json\/wp\/v2\/comments?post=2672"}],"version-history":[{"count":2,"href":"https:\/\/freewaysmalta.com\/it\/index.php\/wp-json\/wp\/v2\/pages\/2672\/revisions"}],"predecessor-version":[{"id":3242,"href":"https:\/\/freewaysmalta.com\/it\/index.php\/wp-json\/wp\/v2\/pages\/2672\/revisions\/3242"}],"wp:attachment":[{"href":"https:\/\/freewaysmalta.com\/it\/index.php\/wp-json\/wp\/v2\/media?parent=2672"}],"curies":[{"name":"wp","href":"https:\/\/api.w.org\/{rel}","templated":true}]}}